{"id":8677,"date":"2020-12-01T18:32:20","date_gmt":"2020-12-01T18:32:20","guid":{"rendered":"https:\/\/skiboutiques.com\/?page_id=8677"},"modified":"2025-09-25T04:04:03","modified_gmt":"2025-09-25T04:04:03","slug":"the-boutiques","status":"publish","type":"page","link":"https:\/\/skiboutiques.com\/en\/the-boutiques\/","title":{"rendered":"THE BOUTIQUES"},"content":{"rendered":"\t\t<div data-elementor-type=\"wp-page\" data-elementor-id=\"8677\" class=\"elementor elementor-8677\">\n\t\t\t\t\t\t<section class=\"elementor-section elementor-top-section elementor-element elementor-element-5c489a9 qodef-elementor-content-grid elementor-section-stretched elementor-section-full_width elementor-section-height-default elementor-section-height-default\" data-id=\"5c489a9\" data-element_type=\"section\" data-e-type=\"section\" data-settings=\"{&quot;stretch_section&quot;:&quot;section-stretched&quot;}\">\n\t\t\t\t\t\t<div class=\"elementor-container elementor-column-gap-extended\">\n\t\t\t\t\t<div class=\"elementor-column elementor-col-25 elementor-top-column elementor-element elementor-element-5b22bd1\" data-id=\"5b22bd1\" data-element_type=\"column\" data-e-type=\"column\">\n\t\t\t<div class=\"elementor-widget-wrap elementor-element-populated\">\n\t\t\t\t\t\t<div class=\"elementor-element elementor-element-1ecb40e elementor-widget elementor-widget-haaken_core_image_with_text\" data-id=\"1ecb40e\" data-element_type=\"widget\" data-e-type=\"widget\" data-widget_type=\"haaken_core_image_with_text.default\">\n\t\t\t\t<div class=\"elementor-widget-container\">\n\t\t\t\t\t<div class=\"qodef-shortcode qodef-m qodef-image-with-text qodef-layout--text-below qodef-content-align--center qodef-hover-type--image-and-line\">\n\t<div class=\"qodef-m-image\">\n\t\t\t<a itemprop=\"url\" href=\"https:\/\/skiboutiques.com\/en\/apogee-boutique\/\" target=\"_self\">\n\t\t\t<img fetchpriority=\"high\" decoding=\"async\" src=\"https:\/\/skiboutiques.com\/wp-content\/uploads\/2023\/12\/APOGEE-600x600.jpg\" alt=\"\" width=\"600\" height=\"600\" data-ratio=\"1\" \/>\t\t\t<\/a>\n\t<\/div>\t<div class=\"qodef-m-content\">\n\t\t\t<h4 class=\"qodef-m-title\" >\n\t\t\t\t\t<a itemprop=\"url\" href=\"https:\/\/skiboutiques.com\/en\/apogee-boutique\/\" target=\"_self\">\n\t\t\t\t\tL&#039;APOG\u00c9E            <span class=\"qodef-m-line\"><\/span>\n\t\t\t\t\t<\/a>\n\t\t\t<\/h4>\n\t\t\t<p class=\"qodef-m-text\" style=\"margin-top: 5px\">COURCHEVEL<\/p>\n\t<\/div>\n<\/div>\t\t\t\t<\/div>\n\t\t\t\t<\/div>\n\t\t\t\t\t<\/div>\n\t\t<\/div>\n\t\t\t\t<div class=\"elementor-column elementor-col-25 elementor-top-column elementor-element elementor-element-e64c5a6\" data-id=\"e64c5a6\" data-element_type=\"column\" data-e-type=\"column\">\n\t\t\t<div class=\"elementor-widget-wrap elementor-element-populated\">\n\t\t\t\t\t\t<div class=\"elementor-element elementor-element-34b83b1 elementor-widget elementor-widget-haaken_core_image_with_text\" data-id=\"34b83b1\" data-element_type=\"widget\" data-e-type=\"widget\" data-widget_type=\"haaken_core_image_with_text.default\">\n\t\t\t\t<div class=\"elementor-widget-container\">\n\t\t\t\t\t<div class=\"qodef-shortcode qodef-m qodef-image-with-text qodef-layout--text-below qodef-content-align--center qodef-hover-type--image-and-line\">\n\t<div class=\"qodef-m-image\">\n\t\t\t<a itemprop=\"url\" href=\"https:\/\/skiboutiques.com\/en\/coucou-boutique\/\" target=\"_self\">\n\t\t\t<img decoding=\"async\" src=\"https:\/\/skiboutiques.com\/wp-content\/uploads\/2023\/12\/COUCOU-scaled-600x600.jpeg\" alt=\"\" width=\"600\" height=\"600\" data-ratio=\"1\" \/>\t\t\t<\/a>\n\t<\/div>\t<div class=\"qodef-m-content\">\n\t\t\t<h4 class=\"qodef-m-title\" >\n\t\t\t\t\t<a itemprop=\"url\" href=\"https:\/\/skiboutiques.com\/en\/coucou-boutique\/\" target=\"_self\">\n\t\t\t\t\tLE COUCOU            <span class=\"qodef-m-line\"><\/span>\n\t\t\t\t\t<\/a>\n\t\t\t<\/h4>\n\t\t\t<p class=\"qodef-m-text\" style=\"margin-top: 5px\">M\u00c9RIBEL<\/p>\n\t<\/div>\n<\/div>\t\t\t\t<\/div>\n\t\t\t\t<\/div>\n\t\t\t\t\t<\/div>\n\t\t<\/div>\n\t\t\t\t<div class=\"elementor-column elementor-col-25 elementor-top-column elementor-element elementor-element-efb8ddc\" data-id=\"efb8ddc\" data-element_type=\"column\" data-e-type=\"column\">\n\t\t\t<div class=\"elementor-widget-wrap elementor-element-populated\">\n\t\t\t\t\t\t<div class=\"elementor-element elementor-element-824dcb6 elementor-widget elementor-widget-haaken_core_image_with_text\" data-id=\"824dcb6\" data-element_type=\"widget\" data-e-type=\"widget\" data-widget_type=\"haaken_core_image_with_text.default\">\n\t\t\t\t<div class=\"elementor-widget-container\">\n\t\t\t\t\t<div class=\"qodef-shortcode qodef-m qodef-image-with-text qodef-layout--text-below qodef-content-align--center qodef-hover-type--image-and-line\">\n\t<div class=\"qodef-m-image\">\n\t\t\t<a itemprop=\"url\" href=\"https:\/\/skiboutiques.com\/en\/atmosphere-boutique\/\" target=\"_self\">\n\t\t\t<img decoding=\"async\" src=\"https:\/\/skiboutiques.com\/wp-content\/uploads\/2025\/09\/VISU-COUV-ATMOSPHERE-e1758771032683-600x600.png\" alt=\"\" width=\"600\" height=\"600\" data-ratio=\"1\" \/>\t\t\t<\/a>\n\t<\/div>\t<div class=\"qodef-m-content\">\n\t\t\t<h4 class=\"qodef-m-title\" >\n\t\t\t\t\t<a itemprop=\"url\" href=\"https:\/\/skiboutiques.com\/en\/atmosphere-boutique\/\" target=\"_self\">\n\t\t\t\t\tATMOSPH\u00c8RE            <span class=\"qodef-m-line\"><\/span>\n\t\t\t\t\t<\/a>\n\t\t\t<\/h4>\n\t\t\t<p class=\"qodef-m-text\" style=\"margin-top: 5px\">COURCHEVEL<\/p>\n\t<\/div>\n<\/div>\t\t\t\t<\/div>\n\t\t\t\t<\/div>\n\t\t\t\t\t<\/div>\n\t\t<\/div>\n\t\t\t\t<div class=\"elementor-column elementor-col-25 elementor-top-column elementor-element elementor-element-f446031\" data-id=\"f446031\" data-element_type=\"column\" data-e-type=\"column\">\n\t\t\t<div class=\"elementor-widget-wrap elementor-element-populated\">\n\t\t\t\t\t\t<div class=\"elementor-element elementor-element-c38dbd9 elementor-widget elementor-widget-haaken_core_image_with_text\" data-id=\"c38dbd9\" data-element_type=\"widget\" data-e-type=\"widget\" data-widget_type=\"haaken_core_image_with_text.default\">\n\t\t\t\t<div class=\"elementor-widget-container\">\n\t\t\t\t\t<div class=\"qodef-shortcode qodef-m qodef-image-with-text qodef-layout--text-below qodef-content-align--center qodef-hover-type--image-and-line\">\n\t<div class=\"qodef-m-image\">\n\t\t\t<a itemprop=\"url\" href=\"https:\/\/skiboutiques.com\/en\/rosewood-boutique\/\" target=\"_self\">\n\t\t\t<img loading=\"lazy\" decoding=\"async\" src=\"https:\/\/skiboutiques.com\/wp-content\/uploads\/2025\/09\/VISU-COUV-ROSEWOOD-scaled-600x600.webp\" alt=\"\" width=\"600\" height=\"600\" data-ratio=\"1\" \/>\t\t\t<\/a>\n\t<\/div>\t<div class=\"qodef-m-content\">\n\t\t\t<h4 class=\"qodef-m-title\" >\n\t\t\t\t\t<a itemprop=\"url\" href=\"https:\/\/skiboutiques.com\/en\/rosewood-boutique\/\" target=\"_self\">\n\t\t\t\t\tROSEWOOD            <span class=\"qodef-m-line\"><\/span>\n\t\t\t\t\t<\/a>\n\t\t\t<\/h4>\n\t\t\t<p class=\"qodef-m-text\" style=\"margin-top: 5px\">COURCHEVEL<\/p>\n\t<\/div>\n<\/div>\t\t\t\t<\/div>\n\t\t\t\t<\/div>\n\t\t\t\t\t<\/div>\n\t\t<\/div>\n\t\t\t\t\t<\/div>\n\t\t<\/section>\n\t\t\t\t<section class=\"elementor-section elementor-top-section elementor-element elementor-element-16e8760 elementor-section-full_width elementor-section-stretched elementor-section-content-middle elementor-section-height-default elementor-section-height-default qodef-elementor-content-no\" data-id=\"16e8760\" data-element_type=\"section\" data-e-type=\"section\" data-settings=\"{&quot;stretch_section&quot;:&quot;section-stretched&quot;,&quot;background_background&quot;:&quot;classic&quot;}\">\n\t\t\t\t\t\t<div class=\"elementor-container elementor-column-gap-default\">\n\t\t\t\t\t<div class=\"elementor-column elementor-col-33 elementor-top-column elementor-element elementor-element-00ab116\" data-id=\"00ab116\" data-element_type=\"column\" data-e-type=\"column\" data-settings=\"{&quot;background_background&quot;:&quot;classic&quot;}\">\n\t\t\t<div class=\"elementor-widget-wrap elementor-element-populated\">\n\t\t\t\t\t\t<div class=\"elementor-element elementor-element-db87a59 elementor-widget elementor-widget-haaken_core_section_title\" data-id=\"db87a59\" data-element_type=\"widget\" data-e-type=\"widget\" data-widget_type=\"haaken_core_section_title.default\">\n\t\t\t\t<div class=\"elementor-widget-container\">\n\t\t\t\t\t<div class=\"qodef-shortcode qodef-m qodef-section-title qodef-alignment--center\">\n    \t\t<h4 class=\"qodef-m-title\" style=\"color: #FFFFFF\">\n\t\t\t\t\tDesigner, creator, fitter, and operator of ski shops.\t\t\t<\/h4>\n\t\t<p class=\"qodef-m-text\" style=\"color: #FFFFFF\">COURCHEVEL | M\u00c9RIBEL<\/p>\n    <\/div>\t\t\t\t<\/div>\n\t\t\t\t<\/div>\n\t\t\t\t\t<\/div>\n\t\t<\/div>\n\t\t\t\t<div class=\"elementor-column elementor-col-33 elementor-top-column elementor-element elementor-element-716cf35\" data-id=\"716cf35\" data-element_type=\"column\" data-e-type=\"column\">\n\t\t\t<div class=\"elementor-widget-wrap elementor-element-populated\">\n\t\t\t\t\t\t<div class=\"elementor-element elementor-element-786497a elementor-widget elementor-widget-image\" data-id=\"786497a\" data-element_type=\"widget\" data-e-type=\"widget\" data-widget_type=\"image.default\">\n\t\t\t\t<div class=\"elementor-widget-container\">\n\t\t\t\t\t\t\t\t\t\t\t\t\t\t\t<img loading=\"lazy\" decoding=\"async\" width=\"1024\" height=\"941\" src=\"https:\/\/skiboutiques.com\/wp-content\/uploads\/2025\/09\/Ski-Boutiques-Blanc-1024x941.png\" class=\"attachment-large size-large wp-image-9180\" alt=\"\" srcset=\"https:\/\/skiboutiques.com\/wp-content\/uploads\/2025\/09\/Ski-Boutiques-Blanc-1024x941.png 1024w, https:\/\/skiboutiques.com\/wp-content\/uploads\/2025\/09\/Ski-Boutiques-Blanc-300x276.png 300w, https:\/\/skiboutiques.com\/wp-content\/uploads\/2025\/09\/Ski-Boutiques-Blanc-768x706.png 768w, https:\/\/skiboutiques.com\/wp-content\/uploads\/2025\/09\/Ski-Boutiques-Blanc-600x551.png 600w, https:\/\/skiboutiques.com\/wp-content\/uploads\/2025\/09\/Ski-Boutiques-Blanc.png 1356w\" sizes=\"(max-width: 1024px) 100vw, 1024px\" \/>\t\t\t\t\t\t\t\t\t\t\t\t\t\t\t<\/div>\n\t\t\t\t<\/div>\n\t\t\t\t\t<\/div>\n\t\t<\/div>\n\t\t\t\t<div class=\"elementor-column elementor-col-33 elementor-top-column elementor-element elementor-element-375d567\" data-id=\"375d567\" data-element_type=\"column\" data-e-type=\"column\">\n\t\t\t<div class=\"elementor-widget-wrap elementor-element-populated\">\n\t\t\t\t\t\t<div class=\"elementor-element elementor-element-14f57cb elementor-widget elementor-widget-haaken_core_icon_with_text\" data-id=\"14f57cb\" data-element_type=\"widget\" data-e-type=\"widget\" data-widget_type=\"haaken_core_icon_with_text.default\">\n\t\t\t\t<div class=\"elementor-widget-container\">\n\t\t\t\t\t<div class=\"qodef-shortcode qodef-m qodef-icon-with-text qodef-layout--top qodef--icon-pack qodef--icon-animation qodef-alignment--center\">\n\t<div class=\"qodef-m-icon-wrapper\">\n\t\t<span class=\"qodef-shortcode qodef-m qodef-icon-holder qodef-size--default qodef-layout--normal\" data-hover-color=\"#FFFFFF\" >\t\t\t<a class=\"qodef-m-icon\" itemprop=\"url\" href=\"https:\/\/www.instagram.com\/ski_boutiques\/\" target=\"_blank\">            <span class=\"qodef-icon-font-awesome fab fa-instagram qodef-icon qodef-e\" style=\"color: #FFFFFF;font-size: 35px\" ><\/span>            <\/a>\t<\/span>\t<\/div>\n\t<div class=\"qodef-m-content\">\n\t\t\t<h5 class=\"qodef-m-title\" style=\"color: #FAFAFA\">\n\t\t\t\t\t<a itemprop=\"url\" href=\"https:\/\/www.instagram.com\/ski_boutiques\/\" target=\"_blank\">\n\t\t\t\t\t<span class=\"qodef-m-title-text\">FOLLOW OUR JOURNEY ON INSTAGRAM<\/span>\n\t\t\t\t\t<\/a>\n\t\t\t<\/h5>\n\t\t        \t<\/div>\n<\/div>\t\t\t\t<\/div>\n\t\t\t\t<\/div>\n\t\t\t\t\t<\/div>\n\t\t<\/div>\n\t\t\t\t\t<\/div>\n\t\t<\/section>\n\t\t\t\t<\/div>\n\t\t","protected":false},"excerpt":{"rendered":"<p>L&#039;APOG\u00c9E COURCHEVEL LE COUCOU M\u00c9RIBEL ATMOSPH\u00c8RE COURCHEVEL ROSEWOOD COURCHEVEL Designer, creator, fitter, and operator of ski shops. COURCHEVEL | M\u00c9RIBEL FOLLOW OUR JOURNEY ON INSTAGRAM<\/p>\n","protected":false},"author":2,"featured_media":0,"parent":0,"menu_order":0,"comment_status":"closed","ping_status":"closed","template":"page-full-width.php","meta":{"footnotes":""},"class_list":["post-8677","page","type-page","status-publish","hentry"],"yoast_head":"<!-- This site is optimized with the Yoast SEO plugin v27.5 - https:\/\/yoast.com\/product\/yoast-seo-wordpress\/ -->\n<title>THE BOUTIQUES - Ski Boutiques<\/title>\n<meta name=\"robots\" content=\"index, follow, max-snippet:-1, max-image-preview:large, max-video-preview:-1\" \/>\n<link rel=\"canonical\" href=\"https:\/\/skiboutiques.com\/en\/the-boutiques\/\" \/>\n<meta property=\"og:locale\" content=\"en_US\" \/>\n<meta property=\"og:type\" content=\"article\" \/>\n<meta property=\"og:title\" content=\"THE BOUTIQUES - Ski Boutiques\" \/>\n<meta property=\"og:description\" content=\"L&#039;APOG\u00c9E COURCHEVEL LE COUCOU M\u00c9RIBEL ATMOSPH\u00c8RE COURCHEVEL ROSEWOOD COURCHEVEL Designer, creator, fitter, and operator of ski shops. COURCHEVEL | M\u00c9RIBEL FOLLOW OUR JOURNEY ON INSTAGRAM\" \/>\n<meta property=\"og:url\" content=\"https:\/\/skiboutiques.com\/en\/the-boutiques\/\" \/>\n<meta property=\"og:site_name\" content=\"Ski Boutiques\" \/>\n<meta property=\"article:modified_time\" content=\"2025-09-25T04:04:03+00:00\" \/>\n<meta property=\"og:image\" content=\"https:\/\/skiboutiques.com\/wp-content\/uploads\/2023\/12\/APOGEE.jpg\" \/>\n<meta name=\"twitter:card\" content=\"summary_large_image\" \/>\n<script type=\"application\/ld+json\" class=\"yoast-schema-graph\">{\"@context\":\"https:\\\/\\\/schema.org\",\"@graph\":[{\"@type\":\"WebPage\",\"@id\":\"https:\\\/\\\/skiboutiques.com\\\/en\\\/the-boutiques\\\/\",\"url\":\"https:\\\/\\\/skiboutiques.com\\\/en\\\/the-boutiques\\\/\",\"name\":\"THE BOUTIQUES - Ski Boutiques\",\"isPartOf\":{\"@id\":\"http:\\\/\\\/vyx.sbv.mybluehost.me\\\/#website\"},\"primaryImageOfPage\":{\"@id\":\"https:\\\/\\\/skiboutiques.com\\\/en\\\/the-boutiques\\\/#primaryimage\"},\"image\":{\"@id\":\"https:\\\/\\\/skiboutiques.com\\\/en\\\/the-boutiques\\\/#primaryimage\"},\"thumbnailUrl\":\"https:\\\/\\\/skiboutiques.com\\\/wp-content\\\/uploads\\\/2023\\\/12\\\/APOGEE.jpg\",\"datePublished\":\"2020-12-01T18:32:20+00:00\",\"dateModified\":\"2025-09-25T04:04:03+00:00\",\"breadcrumb\":{\"@id\":\"https:\\\/\\\/skiboutiques.com\\\/en\\\/the-boutiques\\\/#breadcrumb\"},\"inLanguage\":\"en-US\",\"potentialAction\":[{\"@type\":\"ReadAction\",\"target\":[\"https:\\\/\\\/skiboutiques.com\\\/en\\\/the-boutiques\\\/\"]}]},{\"@type\":\"ImageObject\",\"inLanguage\":\"en-US\",\"@id\":\"https:\\\/\\\/skiboutiques.com\\\/en\\\/the-boutiques\\\/#primaryimage\",\"url\":\"https:\\\/\\\/skiboutiques.com\\\/wp-content\\\/uploads\\\/2023\\\/12\\\/APOGEE.jpg\",\"contentUrl\":\"https:\\\/\\\/skiboutiques.com\\\/wp-content\\\/uploads\\\/2023\\\/12\\\/APOGEE.jpg\"},{\"@type\":\"BreadcrumbList\",\"@id\":\"https:\\\/\\\/skiboutiques.com\\\/en\\\/the-boutiques\\\/#breadcrumb\",\"itemListElement\":[{\"@type\":\"ListItem\",\"position\":1,\"name\":\"Home\",\"item\":\"https:\\\/\\\/skiboutiques.com\\\/en\\\/\"},{\"@type\":\"ListItem\",\"position\":2,\"name\":\"THE BOUTIQUES\"}]},{\"@type\":\"WebSite\",\"@id\":\"http:\\\/\\\/vyx.sbv.mybluehost.me\\\/#website\",\"url\":\"http:\\\/\\\/vyx.sbv.mybluehost.me\\\/\",\"name\":\"Ski Boutiques\",\"description\":\"Cr\u00e9ateur, agenceur et exploitant de boutiques de skis.\",\"publisher\":{\"@id\":\"http:\\\/\\\/vyx.sbv.mybluehost.me\\\/#organization\"},\"potentialAction\":[{\"@type\":\"SearchAction\",\"target\":{\"@type\":\"EntryPoint\",\"urlTemplate\":\"http:\\\/\\\/vyx.sbv.mybluehost.me\\\/?s={search_term_string}\"},\"query-input\":{\"@type\":\"PropertyValueSpecification\",\"valueRequired\":true,\"valueName\":\"search_term_string\"}}],\"inLanguage\":\"en-US\"},{\"@type\":\"Organization\",\"@id\":\"http:\\\/\\\/vyx.sbv.mybluehost.me\\\/#organization\",\"name\":\"Ski Boutiques\",\"url\":\"http:\\\/\\\/vyx.sbv.mybluehost.me\\\/\",\"logo\":{\"@type\":\"ImageObject\",\"inLanguage\":\"en-US\",\"@id\":\"http:\\\/\\\/vyx.sbv.mybluehost.me\\\/#\\\/schema\\\/logo\\\/image\\\/\",\"url\":\"https:\\\/\\\/skiboutiques.com\\\/wp-content\\\/uploads\\\/2023\\\/12\\\/Ski-Boutiques-Noir.png\",\"contentUrl\":\"https:\\\/\\\/skiboutiques.com\\\/wp-content\\\/uploads\\\/2023\\\/12\\\/Ski-Boutiques-Noir.png\",\"width\":1356,\"height\":1246,\"caption\":\"Ski Boutiques\"},\"image\":{\"@id\":\"http:\\\/\\\/vyx.sbv.mybluehost.me\\\/#\\\/schema\\\/logo\\\/image\\\/\"}}]}<\/script>\n<!-- \/ Yoast SEO plugin. -->","yoast_head_json":{"title":"THE BOUTIQUES - Ski Boutiques","robots":{"index":"index","follow":"follow","max-snippet":"max-snippet:-1","max-image-preview":"max-image-preview:large","max-video-preview":"max-video-preview:-1"},"canonical":"https:\/\/skiboutiques.com\/en\/the-boutiques\/","og_locale":"en_US","og_type":"article","og_title":"THE BOUTIQUES - Ski Boutiques","og_description":"L&#039;APOG\u00c9E COURCHEVEL LE COUCOU M\u00c9RIBEL ATMOSPH\u00c8RE COURCHEVEL ROSEWOOD COURCHEVEL Designer, creator, fitter, and operator of ski shops. COURCHEVEL | M\u00c9RIBEL FOLLOW OUR JOURNEY ON INSTAGRAM","og_url":"https:\/\/skiboutiques.com\/en\/the-boutiques\/","og_site_name":"Ski Boutiques","article_modified_time":"2025-09-25T04:04:03+00:00","og_image":[{"url":"https:\/\/skiboutiques.com\/wp-content\/uploads\/2023\/12\/APOGEE.jpg","type":"","width":"","height":""}],"twitter_card":"summary_large_image","schema":{"@context":"https:\/\/schema.org","@graph":[{"@type":"WebPage","@id":"https:\/\/skiboutiques.com\/en\/the-boutiques\/","url":"https:\/\/skiboutiques.com\/en\/the-boutiques\/","name":"THE BOUTIQUES - Ski Boutiques","isPartOf":{"@id":"http:\/\/vyx.sbv.mybluehost.me\/#website"},"primaryImageOfPage":{"@id":"https:\/\/skiboutiques.com\/en\/the-boutiques\/#primaryimage"},"image":{"@id":"https:\/\/skiboutiques.com\/en\/the-boutiques\/#primaryimage"},"thumbnailUrl":"https:\/\/skiboutiques.com\/wp-content\/uploads\/2023\/12\/APOGEE.jpg","datePublished":"2020-12-01T18:32:20+00:00","dateModified":"2025-09-25T04:04:03+00:00","breadcrumb":{"@id":"https:\/\/skiboutiques.com\/en\/the-boutiques\/#breadcrumb"},"inLanguage":"en-US","potentialAction":[{"@type":"ReadAction","target":["https:\/\/skiboutiques.com\/en\/the-boutiques\/"]}]},{"@type":"ImageObject","inLanguage":"en-US","@id":"https:\/\/skiboutiques.com\/en\/the-boutiques\/#primaryimage","url":"https:\/\/skiboutiques.com\/wp-content\/uploads\/2023\/12\/APOGEE.jpg","contentUrl":"https:\/\/skiboutiques.com\/wp-content\/uploads\/2023\/12\/APOGEE.jpg"},{"@type":"BreadcrumbList","@id":"https:\/\/skiboutiques.com\/en\/the-boutiques\/#breadcrumb","itemListElement":[{"@type":"ListItem","position":1,"name":"Home","item":"https:\/\/skiboutiques.com\/en\/"},{"@type":"ListItem","position":2,"name":"THE BOUTIQUES"}]},{"@type":"WebSite","@id":"http:\/\/vyx.sbv.mybluehost.me\/#website","url":"http:\/\/vyx.sbv.mybluehost.me\/","name":"Ski Boutiques","description":"Cr\u00e9ateur, agenceur et exploitant de boutiques de skis.","publisher":{"@id":"http:\/\/vyx.sbv.mybluehost.me\/#organization"},"potentialAction":[{"@type":"SearchAction","target":{"@type":"EntryPoint","urlTemplate":"http:\/\/vyx.sbv.mybluehost.me\/?s={search_term_string}"},"query-input":{"@type":"PropertyValueSpecification","valueRequired":true,"valueName":"search_term_string"}}],"inLanguage":"en-US"},{"@type":"Organization","@id":"http:\/\/vyx.sbv.mybluehost.me\/#organization","name":"Ski Boutiques","url":"http:\/\/vyx.sbv.mybluehost.me\/","logo":{"@type":"ImageObject","inLanguage":"en-US","@id":"http:\/\/vyx.sbv.mybluehost.me\/#\/schema\/logo\/image\/","url":"https:\/\/skiboutiques.com\/wp-content\/uploads\/2023\/12\/Ski-Boutiques-Noir.png","contentUrl":"https:\/\/skiboutiques.com\/wp-content\/uploads\/2023\/12\/Ski-Boutiques-Noir.png","width":1356,"height":1246,"caption":"Ski Boutiques"},"image":{"@id":"http:\/\/vyx.sbv.mybluehost.me\/#\/schema\/logo\/image\/"}}]}},"_links":{"self":[{"href":"https:\/\/skiboutiques.com\/en\/wp-json\/wp\/v2\/pages\/8677","targetHints":{"allow":["GET"]}}],"collection":[{"href":"https:\/\/skiboutiques.com\/en\/wp-json\/wp\/v2\/pages"}],"about":[{"href":"https:\/\/skiboutiques.com\/en\/wp-json\/wp\/v2\/types\/page"}],"author":[{"embeddable":true,"href":"https:\/\/skiboutiques.com\/en\/wp-json\/wp\/v2\/users\/2"}],"replies":[{"embeddable":true,"href":"https:\/\/skiboutiques.com\/en\/wp-json\/wp\/v2\/comments?post=8677"}],"version-history":[{"count":20,"href":"https:\/\/skiboutiques.com\/en\/wp-json\/wp\/v2\/pages\/8677\/revisions"}],"predecessor-version":[{"id":9195,"href":"https:\/\/skiboutiques.com\/en\/wp-json\/wp\/v2\/pages\/8677\/revisions\/9195"}],"wp:attachment":[{"href":"https:\/\/skiboutiques.com\/en\/wp-json\/wp\/v2\/media?parent=8677"}],"curies":[{"name":"wp","href":"https:\/\/api.w.org\/{rel}","templated":true}]}}