{"id":8713,"date":"2020-12-01T16:56:36","date_gmt":"2020-12-01T16:56:36","guid":{"rendered":"https:\/\/skiboutiques.com\/?page_id=8713"},"modified":"2025-10-02T02:20:23","modified_gmt":"2025-10-02T02:20:23","slug":"contact","status":"publish","type":"page","link":"https:\/\/skiboutiques.com\/en\/contact\/","title":{"rendered":"CONTACT"},"content":{"rendered":"\t\t<div data-elementor-type=\"wp-page\" data-elementor-id=\"8713\" class=\"elementor elementor-8713\">\n\t\t\t\t\t\t<section class=\"elementor-section elementor-top-section elementor-element elementor-element-1d8693d qodef-elementor-content-grid elementor-section-boxed elementor-section-height-default elementor-section-height-default\" data-id=\"1d8693d\" data-element_type=\"section\" data-e-type=\"section\">\n\t\t\t\t\t\t<div class=\"elementor-container elementor-column-gap-default\">\n\t\t\t\t\t<div class=\"elementor-column elementor-col-50 elementor-top-column elementor-element elementor-element-054823a\" data-id=\"054823a\" data-element_type=\"column\" data-e-type=\"column\">\n\t\t\t<div class=\"elementor-widget-wrap elementor-element-populated\">\n\t\t\t\t\t\t<div class=\"elementor-element elementor-element-bcf1f13 elementor-widget elementor-widget-haaken_core_section_title\" data-id=\"bcf1f13\" data-element_type=\"widget\" data-e-type=\"widget\" data-widget_type=\"haaken_core_section_title.default\">\n\t\t\t\t<div class=\"elementor-widget-container\">\n\t\t\t\t\t<div class=\"qodef-shortcode qodef-m qodef-section-title qodef-alignment--left\">\n    \t\t<h2 class=\"qodef-m-title\" style=\"color: #000000\">\n\t\t\t\t\tCOME VISIT US !\t\t\t<\/h2>\n\t    <\/div>\t\t\t\t<\/div>\n\t\t\t\t<\/div>\n\t\t\t\t<div class=\"elementor-element elementor-element-7f13f58 elementor-widget elementor-widget-text-editor\" data-id=\"7f13f58\" data-element_type=\"widget\" data-e-type=\"widget\" data-widget_type=\"text-editor.default\">\n\t\t\t\t<div class=\"elementor-widget-container\">\n\t\t\t\t\t\t\t\t\t<h4>SKI BOUTIQUE Le coucou<\/h4>\t\t\t\t\t\t\t\t<\/div>\n\t\t\t\t<\/div>\n\t\t\t\t<div class=\"elementor-element elementor-element-ab02b8d elementor-widget elementor-widget-text-editor\" data-id=\"ab02b8d\" data-element_type=\"widget\" data-e-type=\"widget\" data-widget_type=\"text-editor.default\">\n\t\t\t\t<div class=\"elementor-widget-container\">\n\t\t\t\t\t\t\t\t\t<p>H\u00f4tel Le Coucou 5*<br \/>464 Route du Belv\u00e9d\u00e8re<br \/>73550 M\u00e9ribel<\/p><p>Phone: (+33) <a href=\"tel:+330457583734\">04 57 58 37 34<\/a><br \/>Email: <a href=\"mailto:coucou@skiboutiques.com\">coucou@skiboutiques.com<\/a><\/p>\t\t\t\t\t\t\t\t<\/div>\n\t\t\t\t<\/div>\n\t\t\t\t<div class=\"elementor-element elementor-element-0d6809b elementor-widget elementor-widget-text-editor\" data-id=\"0d6809b\" data-element_type=\"widget\" data-e-type=\"widget\" data-widget_type=\"text-editor.default\">\n\t\t\t\t<div class=\"elementor-widget-container\">\n\t\t\t\t\t\t\t\t\t<h4>Ski Boutique l\u2019Apog\u00e9e<\/h4>\t\t\t\t\t\t\t\t<\/div>\n\t\t\t\t<\/div>\n\t\t\t\t<div class=\"elementor-element elementor-element-105f456 elementor-widget elementor-widget-text-editor\" data-id=\"105f456\" data-element_type=\"widget\" data-e-type=\"widget\" data-widget_type=\"text-editor.default\">\n\t\t\t\t<div class=\"elementor-widget-container\">\n\t\t\t\t\t\t\t\t\t<p>H\u00f4tel l\u2019Apog\u00e9e \u2013 Palace<br \/>5 rue \u00c9mile Allais<br \/>73 120 Courchevel 1850<\/p><p>Phone: <a href=\"tel:+33479040119\">(+33 ) 04 79 04 01 19<\/a><br \/>Email: <a href=\"mailto:apogee@skiboutiques.com\">apogee@skiboutiques.com<\/a><\/p>\t\t\t\t\t\t\t\t<\/div>\n\t\t\t\t<\/div>\n\t\t\t\t<div class=\"elementor-element elementor-element-b439b35 elementor-widget elementor-widget-text-editor\" data-id=\"b439b35\" data-element_type=\"widget\" data-e-type=\"widget\" data-widget_type=\"text-editor.default\">\n\t\t\t\t<div class=\"elementor-widget-container\">\n\t\t\t\t\t\t\t\t\t<h4>Ski Boutique l\u2019ATMOSPH\u00c8RE<\/h4>\t\t\t\t\t\t\t\t<\/div>\n\t\t\t\t<\/div>\n\t\t\t\t<div class=\"elementor-element elementor-element-9128cc6 elementor-widget elementor-widget-text-editor\" data-id=\"9128cc6\" data-element_type=\"widget\" data-e-type=\"widget\" data-widget_type=\"text-editor.default\">\n\t\t\t\t<div class=\"elementor-widget-container\">\n\t\t\t\t\t\t\t\t\t<p>Atmosph\u00e8re 1850<br \/>472 rue des Tovets<br \/>73120 Courchevel<br \/>Phone: (+33) <a href=\"tel:+33480460177\">04 80 46 01 77<\/a><br \/>Email: <a href=\"mailto:atmosphere@skiboutiques.com\">atmosphere@skiboutiques.com<\/a><\/p>\t\t\t\t\t\t\t\t<\/div>\n\t\t\t\t<\/div>\n\t\t\t\t<div class=\"elementor-element elementor-element-0afd085 elementor-widget elementor-widget-text-editor\" data-id=\"0afd085\" data-element_type=\"widget\" data-e-type=\"widget\" data-widget_type=\"text-editor.default\">\n\t\t\t\t<div class=\"elementor-widget-container\">\n\t\t\t\t\t\t\t\t\t<h4>Ski Boutique ROSEWOOD<\/h4>\t\t\t\t\t\t\t\t<\/div>\n\t\t\t\t<\/div>\n\t\t\t\t<div class=\"elementor-element elementor-element-97c8921 elementor-widget elementor-widget-text-editor\" data-id=\"97c8921\" data-element_type=\"widget\" data-e-type=\"widget\" data-widget_type=\"text-editor.default\">\n\t\t\t\t<div class=\"elementor-widget-container\">\n\t\t\t\t\t\t\t\t\t<p>Rosewood Courchevel 1850<br \/>Le Jardin Alpin<br \/>73120 Courchevel<br \/>Phone: (+33) <a href=\"tel:+33420231111\">04 20 23 11 11<\/a><br \/>Email: <a href=\"mailto:rosewood@skiboutiques.com\">rosewood@skiboutiques.com<\/a><\/p>\t\t\t\t\t\t\t\t<\/div>\n\t\t\t\t<\/div>\n\t\t\t\t\t<\/div>\n\t\t<\/div>\n\t\t\t\t<div class=\"elementor-column elementor-col-50 elementor-top-column elementor-element elementor-element-8ddcc82\" data-id=\"8ddcc82\" data-element_type=\"column\" data-e-type=\"column\">\n\t\t\t<div class=\"elementor-widget-wrap elementor-element-populated\">\n\t\t\t\t\t\t<div class=\"elementor-element elementor-element-0c53f42 elementor-widget elementor-widget-haaken_core_section_title\" data-id=\"0c53f42\" data-element_type=\"widget\" data-e-type=\"widget\" data-widget_type=\"haaken_core_section_title.default\">\n\t\t\t\t<div class=\"elementor-widget-container\">\n\t\t\t\t\t<div class=\"qodef-shortcode qodef-m qodef-section-title qodef-alignment--left\">\n    \t\t<h2 class=\"qodef-m-title\" style=\"color: #000000\">\n\t\t\t\t\tContact us \t\t\t<\/h2>\n\t    <\/div>\t\t\t\t<\/div>\n\t\t\t\t<\/div>\n\t\t\t\t<div class=\"elementor-element elementor-element-35c6e7c elementor-widget elementor-widget-text-editor\" data-id=\"35c6e7c\" data-element_type=\"widget\" data-e-type=\"widget\" data-widget_type=\"text-editor.default\">\n\t\t\t\t<div class=\"elementor-widget-container\">\n\t\t\t\t\t\t\t\t\t<p><span class=\"footer-contact\">623 rue de l\u2019aiguille du fruit<\/span><br \/><span class=\"footer-contact\">73 120 Courchevel 1650<\/span><\/p><p class=\"p1\">guy@skiboutiques.com<\/p><p class=\"p1\">+ 33 (0)6 21 80 38 49<\/p>\t\t\t\t\t\t\t\t<\/div>\n\t\t\t\t<\/div>\n\t\t\t\t<div class=\"elementor-element elementor-element-7e5e579 elementor-widget elementor-widget-wp-widget-haaken_core_social_icons_group\" data-id=\"7e5e579\" data-element_type=\"widget\" data-e-type=\"widget\" data-widget_type=\"wp-widget-haaken_core_social_icons_group.default\">\n\t\t\t\t<div class=\"elementor-widget-container\">\n\t\t\t\t\t            <div class=\"qodef-social-icons-group\">\n                <span class=\"qodef-shortcode qodef-m qodef-icon-holder qodef-layout--normal\"  >\n\t\t\t<a class=\"qodef-m-icon\" itemprop=\"url\" href=\"https:\/\/www.instagram.com\/skiboutiques\/\" target=\"_blank\">\n            <span class=\"qodef-icon-elegant-icons social_instagram_circle qodef-icon qodef-e\" style=\"font-size: 35px\" ><\/span>            <\/a>\n\t<\/span>            <\/div>\n        \t\t\t\t<\/div>\n\t\t\t\t<\/div>\n\t\t\t\t<div class=\"elementor-element elementor-element-8fdcfb0 elementor-widget elementor-widget-wp-widget-haaken_core_contact_form_7\" data-id=\"8fdcfb0\" data-element_type=\"widget\" data-e-type=\"widget\" data-widget_type=\"wp-widget-haaken_core_contact_form_7.default\">\n\t\t\t\t<div class=\"elementor-widget-container\">\n\t\t\t\t\t\t\t\t<div class=\"qodef-contact-form-7\">\n\t\t\t\t\n<div class=\"wpcf7 no-js\" id=\"wpcf7-f9298-o1\" lang=\"fr-FR\" dir=\"ltr\" data-wpcf7-id=\"9298\">\n<div class=\"screen-reader-response\"><p role=\"status\" aria-live=\"polite\" aria-atomic=\"true\"><\/p> <ul><\/ul><\/div>\n<form action=\"\/en\/wp-json\/wp\/v2\/pages\/8713#wpcf7-f9298-o1\" method=\"post\" class=\"wpcf7-form init\" aria-label=\"Formulaire de contact\" novalidate=\"novalidate\" data-status=\"init\">\n<fieldset class=\"hidden-fields-container\"><input type=\"hidden\" name=\"_wpcf7\" value=\"9298\" \/><input type=\"hidden\" name=\"_wpcf7_version\" value=\"6.1.5\" \/><input type=\"hidden\" name=\"_wpcf7_locale\" value=\"fr_FR\" \/><input type=\"hidden\" name=\"_wpcf7_unit_tag\" value=\"wpcf7-f9298-o1\" \/><input type=\"hidden\" name=\"_wpcf7_container_post\" value=\"0\" \/><input type=\"hidden\" name=\"_wpcf7_posted_data_hash\" value=\"\" \/>\n<\/fieldset>\n<label> Name\n    <span class=\"wpcf7-form-control-wrap\" data-name=\"your-name\"><input size=\"40\" maxlength=\"400\" class=\"wpcf7-form-control wpcf7-text wpcf7-validates-as-required\" autocomplete=\"name\" aria-required=\"true\" aria-invalid=\"false\" value=\"\" type=\"text\" name=\"your-name\" \/><\/span> <\/label>\n\n<label>E-mail\n    <span class=\"wpcf7-form-control-wrap\" data-name=\"your-email\"><input size=\"40\" maxlength=\"400\" class=\"wpcf7-form-control wpcf7-email wpcf7-validates-as-required wpcf7-text wpcf7-validates-as-email\" autocomplete=\"email\" aria-required=\"true\" aria-invalid=\"false\" value=\"\" type=\"email\" name=\"your-email\" \/><\/span> <\/label>\n\n<label>Subject\n    <span class=\"wpcf7-form-control-wrap\" data-name=\"your-subject\"><input size=\"40\" maxlength=\"400\" class=\"wpcf7-form-control wpcf7-text wpcf7-validates-as-required\" aria-required=\"true\" aria-invalid=\"false\" value=\"\" type=\"text\" name=\"your-subject\" \/><\/span> <\/label>\n\n<label>Message\n    <span class=\"wpcf7-form-control-wrap\" data-name=\"your-message\"><textarea cols=\"40\" rows=\"10\" maxlength=\"2000\" class=\"wpcf7-form-control wpcf7-textarea\" aria-invalid=\"false\" name=\"your-message\"><\/textarea><\/span> <\/label>\n\n<button class=\"wpcf7-form-control wpcf7-submit qodef-button qodef-size--normal qodef-layout--filled qodef-m\" type=\"submit\"><span class=\"qodef-m-text\">Submit<\/span><\/button><div class=\"wpcf7-response-output\" aria-hidden=\"true\"><\/div>\n<\/form>\n<\/div>\n\t\t\t<\/div>\n\t\t\t\t\t\t\t<\/div>\n\t\t\t\t<\/div>\n\t\t\t\t\t<\/div>\n\t\t<\/div>\n\t\t\t\t\t<\/div>\n\t\t<\/section>\n\t\t\t\t<section class=\"elementor-section elementor-top-section elementor-element elementor-element-5c660b9 elementor-section-full_width elementor-section-stretched elementor-section-content-middle elementor-section-height-default elementor-section-height-default qodef-elementor-content-no\" data-id=\"5c660b9\" data-element_type=\"section\" data-e-type=\"section\" data-settings=\"{&quot;stretch_section&quot;:&quot;section-stretched&quot;,&quot;background_background&quot;:&quot;classic&quot;}\">\n\t\t\t\t\t\t<div class=\"elementor-container elementor-column-gap-default\">\n\t\t\t\t\t<div class=\"elementor-column elementor-col-33 elementor-top-column elementor-element elementor-element-eb68176\" data-id=\"eb68176\" data-element_type=\"column\" data-e-type=\"column\" data-settings=\"{&quot;background_background&quot;:&quot;classic&quot;}\">\n\t\t\t<div class=\"elementor-widget-wrap elementor-element-populated\">\n\t\t\t\t\t\t<div class=\"elementor-element elementor-element-3933171 elementor-widget elementor-widget-haaken_core_section_title\" data-id=\"3933171\" data-element_type=\"widget\" data-e-type=\"widget\" data-widget_type=\"haaken_core_section_title.default\">\n\t\t\t\t<div class=\"elementor-widget-container\">\n\t\t\t\t\t<div class=\"qodef-shortcode qodef-m qodef-section-title qodef-alignment--center\">\n    \t\t<h4 class=\"qodef-m-title\" style=\"color: #FFFFFF\">\n\t\t\t\t\tDesigner, creator, fitter, and operator of ski shops.\t\t\t<\/h4>\n\t\t<p class=\"qodef-m-text\" style=\"color: #FFFFFF\">COURCHEVEL | M\u00c9RIBEL<\/p>\n    <\/div>\t\t\t\t<\/div>\n\t\t\t\t<\/div>\n\t\t\t\t\t<\/div>\n\t\t<\/div>\n\t\t\t\t<div class=\"elementor-column elementor-col-33 elementor-top-column elementor-element elementor-element-ae1b96f\" data-id=\"ae1b96f\" data-element_type=\"column\" data-e-type=\"column\">\n\t\t\t<div class=\"elementor-widget-wrap elementor-element-populated\">\n\t\t\t\t\t\t<div class=\"elementor-element elementor-element-4d4b81b elementor-widget elementor-widget-image\" data-id=\"4d4b81b\" data-element_type=\"widget\" data-e-type=\"widget\" data-widget_type=\"image.default\">\n\t\t\t\t<div class=\"elementor-widget-container\">\n\t\t\t\t\t\t\t\t\t\t\t\t\t\t\t<img fetchpriority=\"high\" decoding=\"async\" width=\"1024\" height=\"941\" src=\"https:\/\/skiboutiques.com\/wp-content\/uploads\/2025\/09\/Ski-Boutiques-Blanc-1024x941.png\" class=\"attachment-large size-large wp-image-9180\" alt=\"\" srcset=\"https:\/\/skiboutiques.com\/wp-content\/uploads\/2025\/09\/Ski-Boutiques-Blanc-1024x941.png 1024w, https:\/\/skiboutiques.com\/wp-content\/uploads\/2025\/09\/Ski-Boutiques-Blanc-300x276.png 300w, https:\/\/skiboutiques.com\/wp-content\/uploads\/2025\/09\/Ski-Boutiques-Blanc-768x706.png 768w, https:\/\/skiboutiques.com\/wp-content\/uploads\/2025\/09\/Ski-Boutiques-Blanc-600x551.png 600w, https:\/\/skiboutiques.com\/wp-content\/uploads\/2025\/09\/Ski-Boutiques-Blanc.png 1356w\" sizes=\"(max-width: 1024px) 100vw, 1024px\" \/>\t\t\t\t\t\t\t\t\t\t\t\t\t\t\t<\/div>\n\t\t\t\t<\/div>\n\t\t\t\t\t<\/div>\n\t\t<\/div>\n\t\t\t\t<div class=\"elementor-column elementor-col-33 elementor-top-column elementor-element elementor-element-42ae1f4\" data-id=\"42ae1f4\" data-element_type=\"column\" data-e-type=\"column\">\n\t\t\t<div class=\"elementor-widget-wrap elementor-element-populated\">\n\t\t\t\t\t\t<div class=\"elementor-element elementor-element-f75bedf elementor-widget elementor-widget-haaken_core_icon_with_text\" data-id=\"f75bedf\" data-element_type=\"widget\" data-e-type=\"widget\" data-widget_type=\"haaken_core_icon_with_text.default\">\n\t\t\t\t<div class=\"elementor-widget-container\">\n\t\t\t\t\t<div class=\"qodef-shortcode qodef-m qodef-icon-with-text qodef-layout--top qodef--icon-pack qodef--icon-animation qodef-alignment--center\">\n\t<div class=\"qodef-m-icon-wrapper\">\n\t\t<span class=\"qodef-shortcode qodef-m qodef-icon-holder qodef-size--default qodef-layout--normal\" data-hover-color=\"#FFFFFF\" >\t\t\t<a class=\"qodef-m-icon\" itemprop=\"url\" href=\"https:\/\/www.instagram.com\/ski_boutiques\/\" target=\"_blank\">            <span class=\"qodef-icon-font-awesome fab fa-instagram qodef-icon qodef-e\" style=\"color: #FFFFFF;font-size: 35px\" ><\/span>            <\/a>\t<\/span>\t<\/div>\n\t<div class=\"qodef-m-content\">\n\t\t\t<h5 class=\"qodef-m-title\" style=\"color: #FAFAFA\">\n\t\t\t\t\t<a itemprop=\"url\" href=\"https:\/\/www.instagram.com\/ski_boutiques\/\" target=\"_blank\">\n\t\t\t\t\t<span class=\"qodef-m-title-text\">FOLLOW OUR JOURNEY ON INSTAGRAM<\/span>\n\t\t\t\t\t<\/a>\n\t\t\t<\/h5>\n\t\t        \t<\/div>\n<\/div>\t\t\t\t<\/div>\n\t\t\t\t<\/div>\n\t\t\t\t\t<\/div>\n\t\t<\/div>\n\t\t\t\t\t<\/div>\n\t\t<\/section>\n\t\t\t\t<\/div>\n\t\t","protected":false},"excerpt":{"rendered":"<p>COME VISIT US ! SKI BOUTIQUE Le coucou H\u00f4tel Le Coucou 5*464 Route du Belv\u00e9d\u00e8re73550 M\u00e9ribel Phone: (+33) 04 57 58 37 34Email: coucou@skiboutiques.com Ski Boutique l\u2019Apog\u00e9e H\u00f4tel l\u2019Apog\u00e9e \u2013 Palace5 rue \u00c9mile Allais73 120 Courchevel 1850 Phone: (+33 ) 04 79 04 01 19Email: apogee@skiboutiques.com Ski Boutique l\u2019ATMOSPH\u00c8RE Atmosph\u00e8re 1850472 rue des Tovets73120 CourchevelPhone: [&hellip;]<\/p>\n","protected":false},"author":2,"featured_media":0,"parent":0,"menu_order":0,"comment_status":"closed","ping_status":"closed","template":"page-full-width.php","meta":{"footnotes":""},"class_list":["post-8713","page","type-page","status-publish","hentry"],"yoast_head":"<!-- This site is optimized with the Yoast SEO plugin v27.5 - https:\/\/yoast.com\/product\/yoast-seo-wordpress\/ -->\n<title>CONTACT - Ski Boutiques<\/title>\n<meta name=\"robots\" content=\"index, follow, max-snippet:-1, max-image-preview:large, max-video-preview:-1\" \/>\n<link rel=\"canonical\" href=\"https:\/\/skiboutiques.com\/en\/contact\/\" \/>\n<meta property=\"og:locale\" content=\"en_US\" \/>\n<meta property=\"og:type\" content=\"article\" \/>\n<meta property=\"og:title\" content=\"CONTACT - Ski Boutiques\" \/>\n<meta property=\"og:description\" content=\"COME VISIT US ! SKI BOUTIQUE Le coucou H\u00f4tel Le Coucou 5*464 Route du Belv\u00e9d\u00e8re73550 M\u00e9ribel Phone: (+33) 04 57 58 37 34Email: coucou@skiboutiques.com Ski Boutique l\u2019Apog\u00e9e H\u00f4tel l\u2019Apog\u00e9e \u2013 Palace5 rue \u00c9mile Allais73 120 Courchevel 1850 Phone: (+33 ) 04 79 04 01 19Email: apogee@skiboutiques.com Ski Boutique l\u2019ATMOSPH\u00c8RE Atmosph\u00e8re 1850472 rue des Tovets73120 CourchevelPhone: [&hellip;]\" \/>\n<meta property=\"og:url\" content=\"https:\/\/skiboutiques.com\/en\/contact\/\" \/>\n<meta property=\"og:site_name\" content=\"Ski Boutiques\" \/>\n<meta property=\"article:modified_time\" content=\"2025-10-02T02:20:23+00:00\" \/>\n<meta property=\"og:image\" content=\"https:\/\/skiboutiques.com\/wp-content\/uploads\/2025\/09\/Ski-Boutiques-Blanc.png\" \/>\n\t<meta property=\"og:image:width\" content=\"1356\" \/>\n\t<meta property=\"og:image:height\" content=\"1246\" \/>\n\t<meta property=\"og:image:type\" content=\"image\/png\" \/>\n<meta name=\"twitter:card\" content=\"summary_large_image\" \/>\n<meta name=\"twitter:label1\" content=\"Est. reading time\" \/>\n\t<meta name=\"twitter:data1\" content=\"1 minute\" \/>\n<script type=\"application\/ld+json\" class=\"yoast-schema-graph\">{\"@context\":\"https:\\\/\\\/schema.org\",\"@graph\":[{\"@type\":\"WebPage\",\"@id\":\"https:\\\/\\\/skiboutiques.com\\\/en\\\/contact\\\/\",\"url\":\"https:\\\/\\\/skiboutiques.com\\\/en\\\/contact\\\/\",\"name\":\"CONTACT - Ski Boutiques\",\"isPartOf\":{\"@id\":\"http:\\\/\\\/vyx.sbv.mybluehost.me\\\/#website\"},\"primaryImageOfPage\":{\"@id\":\"https:\\\/\\\/skiboutiques.com\\\/en\\\/contact\\\/#primaryimage\"},\"image\":{\"@id\":\"https:\\\/\\\/skiboutiques.com\\\/en\\\/contact\\\/#primaryimage\"},\"thumbnailUrl\":\"https:\\\/\\\/skiboutiques.com\\\/wp-content\\\/uploads\\\/2025\\\/09\\\/Ski-Boutiques-Blanc-1024x941.png\",\"datePublished\":\"2020-12-01T16:56:36+00:00\",\"dateModified\":\"2025-10-02T02:20:23+00:00\",\"breadcrumb\":{\"@id\":\"https:\\\/\\\/skiboutiques.com\\\/en\\\/contact\\\/#breadcrumb\"},\"inLanguage\":\"en-US\",\"potentialAction\":[{\"@type\":\"ReadAction\",\"target\":[\"https:\\\/\\\/skiboutiques.com\\\/en\\\/contact\\\/\"]}]},{\"@type\":\"ImageObject\",\"inLanguage\":\"en-US\",\"@id\":\"https:\\\/\\\/skiboutiques.com\\\/en\\\/contact\\\/#primaryimage\",\"url\":\"https:\\\/\\\/skiboutiques.com\\\/wp-content\\\/uploads\\\/2025\\\/09\\\/Ski-Boutiques-Blanc-1024x941.png\",\"contentUrl\":\"https:\\\/\\\/skiboutiques.com\\\/wp-content\\\/uploads\\\/2025\\\/09\\\/Ski-Boutiques-Blanc-1024x941.png\"},{\"@type\":\"BreadcrumbList\",\"@id\":\"https:\\\/\\\/skiboutiques.com\\\/en\\\/contact\\\/#breadcrumb\",\"itemListElement\":[{\"@type\":\"ListItem\",\"position\":1,\"name\":\"Home\",\"item\":\"https:\\\/\\\/skiboutiques.com\\\/en\\\/\"},{\"@type\":\"ListItem\",\"position\":2,\"name\":\"CONTACT\"}]},{\"@type\":\"WebSite\",\"@id\":\"http:\\\/\\\/vyx.sbv.mybluehost.me\\\/#website\",\"url\":\"http:\\\/\\\/vyx.sbv.mybluehost.me\\\/\",\"name\":\"Ski Boutiques\",\"description\":\"Cr\u00e9ateur, agenceur et exploitant de boutiques de skis.\",\"publisher\":{\"@id\":\"http:\\\/\\\/vyx.sbv.mybluehost.me\\\/#organization\"},\"potentialAction\":[{\"@type\":\"SearchAction\",\"target\":{\"@type\":\"EntryPoint\",\"urlTemplate\":\"http:\\\/\\\/vyx.sbv.mybluehost.me\\\/?s={search_term_string}\"},\"query-input\":{\"@type\":\"PropertyValueSpecification\",\"valueRequired\":true,\"valueName\":\"search_term_string\"}}],\"inLanguage\":\"en-US\"},{\"@type\":\"Organization\",\"@id\":\"http:\\\/\\\/vyx.sbv.mybluehost.me\\\/#organization\",\"name\":\"Ski Boutiques\",\"url\":\"http:\\\/\\\/vyx.sbv.mybluehost.me\\\/\",\"logo\":{\"@type\":\"ImageObject\",\"inLanguage\":\"en-US\",\"@id\":\"http:\\\/\\\/vyx.sbv.mybluehost.me\\\/#\\\/schema\\\/logo\\\/image\\\/\",\"url\":\"https:\\\/\\\/skiboutiques.com\\\/wp-content\\\/uploads\\\/2023\\\/12\\\/Ski-Boutiques-Noir.png\",\"contentUrl\":\"https:\\\/\\\/skiboutiques.com\\\/wp-content\\\/uploads\\\/2023\\\/12\\\/Ski-Boutiques-Noir.png\",\"width\":1356,\"height\":1246,\"caption\":\"Ski Boutiques\"},\"image\":{\"@id\":\"http:\\\/\\\/vyx.sbv.mybluehost.me\\\/#\\\/schema\\\/logo\\\/image\\\/\"}}]}<\/script>\n<!-- \/ Yoast SEO plugin. -->","yoast_head_json":{"title":"CONTACT - Ski Boutiques","robots":{"index":"index","follow":"follow","max-snippet":"max-snippet:-1","max-image-preview":"max-image-preview:large","max-video-preview":"max-video-preview:-1"},"canonical":"https:\/\/skiboutiques.com\/en\/contact\/","og_locale":"en_US","og_type":"article","og_title":"CONTACT - Ski Boutiques","og_description":"COME VISIT US ! SKI BOUTIQUE Le coucou H\u00f4tel Le Coucou 5*464 Route du Belv\u00e9d\u00e8re73550 M\u00e9ribel Phone: (+33) 04 57 58 37 34Email: coucou@skiboutiques.com Ski Boutique l\u2019Apog\u00e9e H\u00f4tel l\u2019Apog\u00e9e \u2013 Palace5 rue \u00c9mile Allais73 120 Courchevel 1850 Phone: (+33 ) 04 79 04 01 19Email: apogee@skiboutiques.com Ski Boutique l\u2019ATMOSPH\u00c8RE Atmosph\u00e8re 1850472 rue des Tovets73120 CourchevelPhone: [&hellip;]","og_url":"https:\/\/skiboutiques.com\/en\/contact\/","og_site_name":"Ski Boutiques","article_modified_time":"2025-10-02T02:20:23+00:00","og_image":[{"width":1356,"height":1246,"url":"https:\/\/skiboutiques.com\/wp-content\/uploads\/2025\/09\/Ski-Boutiques-Blanc.png","type":"image\/png"}],"twitter_card":"summary_large_image","twitter_misc":{"Est. reading time":"1 minute"},"schema":{"@context":"https:\/\/schema.org","@graph":[{"@type":"WebPage","@id":"https:\/\/skiboutiques.com\/en\/contact\/","url":"https:\/\/skiboutiques.com\/en\/contact\/","name":"CONTACT - Ski Boutiques","isPartOf":{"@id":"http:\/\/vyx.sbv.mybluehost.me\/#website"},"primaryImageOfPage":{"@id":"https:\/\/skiboutiques.com\/en\/contact\/#primaryimage"},"image":{"@id":"https:\/\/skiboutiques.com\/en\/contact\/#primaryimage"},"thumbnailUrl":"https:\/\/skiboutiques.com\/wp-content\/uploads\/2025\/09\/Ski-Boutiques-Blanc-1024x941.png","datePublished":"2020-12-01T16:56:36+00:00","dateModified":"2025-10-02T02:20:23+00:00","breadcrumb":{"@id":"https:\/\/skiboutiques.com\/en\/contact\/#breadcrumb"},"inLanguage":"en-US","potentialAction":[{"@type":"ReadAction","target":["https:\/\/skiboutiques.com\/en\/contact\/"]}]},{"@type":"ImageObject","inLanguage":"en-US","@id":"https:\/\/skiboutiques.com\/en\/contact\/#primaryimage","url":"https:\/\/skiboutiques.com\/wp-content\/uploads\/2025\/09\/Ski-Boutiques-Blanc-1024x941.png","contentUrl":"https:\/\/skiboutiques.com\/wp-content\/uploads\/2025\/09\/Ski-Boutiques-Blanc-1024x941.png"},{"@type":"BreadcrumbList","@id":"https:\/\/skiboutiques.com\/en\/contact\/#breadcrumb","itemListElement":[{"@type":"ListItem","position":1,"name":"Home","item":"https:\/\/skiboutiques.com\/en\/"},{"@type":"ListItem","position":2,"name":"CONTACT"}]},{"@type":"WebSite","@id":"http:\/\/vyx.sbv.mybluehost.me\/#website","url":"http:\/\/vyx.sbv.mybluehost.me\/","name":"Ski Boutiques","description":"Cr\u00e9ateur, agenceur et exploitant de boutiques de skis.","publisher":{"@id":"http:\/\/vyx.sbv.mybluehost.me\/#organization"},"potentialAction":[{"@type":"SearchAction","target":{"@type":"EntryPoint","urlTemplate":"http:\/\/vyx.sbv.mybluehost.me\/?s={search_term_string}"},"query-input":{"@type":"PropertyValueSpecification","valueRequired":true,"valueName":"search_term_string"}}],"inLanguage":"en-US"},{"@type":"Organization","@id":"http:\/\/vyx.sbv.mybluehost.me\/#organization","name":"Ski Boutiques","url":"http:\/\/vyx.sbv.mybluehost.me\/","logo":{"@type":"ImageObject","inLanguage":"en-US","@id":"http:\/\/vyx.sbv.mybluehost.me\/#\/schema\/logo\/image\/","url":"https:\/\/skiboutiques.com\/wp-content\/uploads\/2023\/12\/Ski-Boutiques-Noir.png","contentUrl":"https:\/\/skiboutiques.com\/wp-content\/uploads\/2023\/12\/Ski-Boutiques-Noir.png","width":1356,"height":1246,"caption":"Ski Boutiques"},"image":{"@id":"http:\/\/vyx.sbv.mybluehost.me\/#\/schema\/logo\/image\/"}}]}},"_links":{"self":[{"href":"https:\/\/skiboutiques.com\/en\/wp-json\/wp\/v2\/pages\/8713","targetHints":{"allow":["GET"]}}],"collection":[{"href":"https:\/\/skiboutiques.com\/en\/wp-json\/wp\/v2\/pages"}],"about":[{"href":"https:\/\/skiboutiques.com\/en\/wp-json\/wp\/v2\/types\/page"}],"author":[{"embeddable":true,"href":"https:\/\/skiboutiques.com\/en\/wp-json\/wp\/v2\/users\/2"}],"replies":[{"embeddable":true,"href":"https:\/\/skiboutiques.com\/en\/wp-json\/wp\/v2\/comments?post=8713"}],"version-history":[{"count":20,"href":"https:\/\/skiboutiques.com\/en\/wp-json\/wp\/v2\/pages\/8713\/revisions"}],"predecessor-version":[{"id":9304,"href":"https:\/\/skiboutiques.com\/en\/wp-json\/wp\/v2\/pages\/8713\/revisions\/9304"}],"wp:attachment":[{"href":"https:\/\/skiboutiques.com\/en\/wp-json\/wp\/v2\/media?parent=8713"}],"curies":[{"name":"wp","href":"https:\/\/api.w.org\/{rel}","templated":true}]}}